{"id":19,"date":"2025-12-17T08:46:33","date_gmt":"2025-12-17T07:46:33","guid":{"rendered":"https:\/\/cftpl2clab.com\/regis\/?post_type=product&#038;p=19"},"modified":"2025-12-17T08:46:33","modified_gmt":"2025-12-17T07:46:33","slug":"bois-de-chauffage","status":"publish","type":"product","link":"https:\/\/cftpl2clab.com\/regis\/?product=bois-de-chauffage","title":{"rendered":"Bois de chauffage"},"content":{"rendered":"<h2>L\u2019impact environnemental du bois de chauffage<\/h2>\n<p class=\"text-justify push-top\">Quand on parle de vertu \u00e9cologique pour le bois de chauffage, cet argument est vrai si le bois achet\u00e9 provient de for\u00eats correctement exploit\u00e9es avec un respect strict des r\u00e9glementations foresti\u00e8res. Si la combustion g\u00e9n\u00e8re du CO2, synonyme de gaz \u00e0 effet de serre polluant et nocif pour l\u2019environnement, celle-ci est compens\u00e9e quand il s\u2019agit de l\u2019\u00e9nergie bois, car la production de CO2 est absorb\u00e9e par le processus de photosynth\u00e8se des arbres plant\u00e9s. C\u2019est pourquoi, le terme de neutralit\u00e9 carbone est particuli\u00e8rement adapt\u00e9 \u00e0 cette source d\u2019\u00e9nergie.<\/p>\n<p class=\"text-justify push-top\">Il faut toutefois nuancer ces bienfaits quand il s\u2019agit de chemin\u00e9es \u00e0 foyer ouvert qui occasionnent parfois une combustion partielle, ce qui entra\u00eene un surplus de dioxyde de carbone et de particules fines d\u00e9gag\u00e9es dans l\u2019atmosph\u00e8re. Il est donc recommand\u00e9, pour limiter l\u2019empreinte carbone de votre solution de chauffage, d\u2019opter pour des foyers ferm\u00e9s et l\u2019utilisation de pellets ou de b\u00fbches compress\u00e9s qui permettent une combustion compl\u00e8te. Ce mode de chauffage est donc encourag\u00e9 par l\u2019\u00c9tat via des aides gouvernementales dans la droite ligne de la\u00a0<a class=\"bleu\" href=\"https:\/\/www.xpair.com\/lexique\/definition\/transition-ecologique.htm\" target=\"_blank\" rel=\"noopener\">transition \u00e9cologique<\/a>.<\/p>\n","protected":false},"excerpt":{"rendered":"<p>Le bois est une source d\u2019\u00e9nergie utilis\u00e9e par le monde depuis que l\u2019Homme a appris \u00e0 ma\u00eetriser le feu. Il reste un combustible pour les solutions de chauffage, \u00e0 la fois \u00e9conomique et \u00e9cologique, pris\u00e9 par grand nombre de fran\u00e7ais. Il est vrai qu\u2019une belle flamb\u00e9e a des pouvoirs hypnotiques et cr\u00e9e tout de suite une ambiance chaleureuse.<\/p>\n","protected":false},"featured_media":20,"comment_status":"open","ping_status":"closed","template":"","meta":[],"product_brand":[],"product_cat":[17,18],"product_tag":[],"class_list":{"0":"post-19","1":"product","2":"type-product","3":"status-publish","4":"has-post-thumbnail","6":"product_cat-bois","7":"product_cat-chauffage","9":"first","10":"instock","11":"sale","12":"shipping-taxable","13":"purchasable","14":"product-type-simple"},"_links":{"self":[{"href":"https:\/\/cftpl2clab.com\/regis\/index.php?rest_route=\/wp\/v2\/product\/19","targetHints":{"allow":["GET"]}}],"collection":[{"href":"https:\/\/cftpl2clab.com\/regis\/index.php?rest_route=\/wp\/v2\/product"}],"about":[{"href":"https:\/\/cftpl2clab.com\/regis\/index.php?rest_route=\/wp\/v2\/types\/product"}],"replies":[{"embeddable":true,"href":"https:\/\/cftpl2clab.com\/regis\/index.php?rest_route=%2Fwp%2Fv2%2Fcomments&post=19"}],"wp:featuredmedia":[{"embeddable":true,"href":"https:\/\/cftpl2clab.com\/regis\/index.php?rest_route=\/wp\/v2\/media\/20"}],"wp:attachment":[{"href":"https:\/\/cftpl2clab.com\/regis\/index.php?rest_route=%2Fwp%2Fv2%2Fmedia&parent=19"}],"wp:term":[{"taxonomy":"product_brand","embeddable":true,"href":"https:\/\/cftpl2clab.com\/regis\/index.php?rest_route=%2Fwp%2Fv2%2Fproduct_brand&post=19"},{"taxonomy":"product_cat","embeddable":true,"href":"https:\/\/cftpl2clab.com\/regis\/index.php?rest_route=%2Fwp%2Fv2%2Fproduct_cat&post=19"},{"taxonomy":"product_tag","embeddable":true,"href":"https:\/\/cftpl2clab.com\/regis\/index.php?rest_route=%2Fwp%2Fv2%2Fproduct_tag&post=19"}],"curies":[{"name":"wp","href":"https:\/\/api.w.org\/{rel}","templated":true}]}}